{"id":206,"date":"2020-11-19T20:24:23","date_gmt":"2020-11-19T19:24:23","guid":{"rendered":"http:\/\/bernard-guidedescarroz.fr\/?page_id=206"},"modified":"2023-06-13T17:26:58","modified_gmt":"2023-06-13T15:26:58","slug":"tarifs","status":"publish","type":"page","link":"https:\/\/bernard-guidedescarroz.fr\/index.php\/tarifs\/","title":{"rendered":"Tarifs"},"content":{"rendered":"<p>[et_pb_section fb_built=&#8221;1&#8243; _builder_version=&#8221;4.16&#8243; _module_preset=&#8221;default&#8221; background_image=&#8221;https:\/\/bernard-guidedescarroz.fr\/wp-content\/uploads\/2020\/11\/header_tarifs.jpg&#8221; height=&#8221;450px&#8221; global_colors_info=&#8221;{}&#8221;][et_pb_row _builder_version=&#8221;4.16&#8243; _module_preset=&#8221;default&#8221; global_colors_info=&#8221;{}&#8221;][et_pb_column type=&#8221;4_4&#8243; _builder_version=&#8221;4.16&#8243; _module_preset=&#8221;default&#8221; global_colors_info=&#8221;{}&#8221;][et_pb_text _builder_version=&#8221;4.16&#8243; _module_preset=&#8221;default&#8221; header_text_color=&#8221;#ffffff&#8221; header_font_size=&#8221;60px&#8221; custom_padding=&#8221;100px||||false|false&#8221; global_colors_info=&#8221;{}&#8221;]<\/p>\n<h1 style=\"text-align: center;\"><strong>Tarifs<\/strong><\/h1>\n<p>[\/et_pb_text][\/et_pb_column][\/et_pb_row][\/et_pb_section][et_pb_section fb_built=&#8221;1&#8243; _builder_version=&#8221;4.16&#8243; _module_preset=&#8221;default&#8221; global_colors_info=&#8221;{}&#8221;][et_pb_row _builder_version=&#8221;4.16&#8243; _module_preset=&#8221;default&#8221; global_colors_info=&#8221;{}&#8221;][et_pb_column type=&#8221;4_4&#8243; _builder_version=&#8221;4.16&#8243; _module_preset=&#8221;default&#8221; global_colors_info=&#8221;{}&#8221;][et_pb_text _builder_version=&#8221;4.16&#8243; text_font_size=&#8221;19px&#8221; header_2_font_size=&#8221;35px&#8221; locked=&#8221;off&#8221; global_colors_info=&#8221;{}&#8221;]<\/p>\n<h2 style=\"text-align: left;\"><strong>Canyon<br \/><\/strong><\/h2>\n<p>[\/et_pb_text][et_pb_pricing_tables _builder_version=&#8221;4.7.3&#8243; _module_preset=&#8221;default&#8221; header_text_color=&#8221;#ffffff&#8221; header_font=&#8221;||||||||&#8221; price_font_size=&#8221;45px&#8221; background_color=&#8221;rgba(0,0,0,0)&#8221; animation_style=&#8221;fold&#8221; global_module=&#8221;502&#8243; saved_tabs=&#8221;all&#8221; global_colors_info=&#8221;{}&#8221;][et_pb_pricing_table title=&#8221;Canyon d&#8217;Angon&#8221; subtitle=&#8221;Difficult\u00e9 vari\u00e9e&#8221; currency=&#8221;\u20ac&#8221; per=&#8221;personne&#8221; sum=&#8221;75&#8243; _builder_version=&#8221;4.16&#8243; _module_preset=&#8221;default&#8221; global_colors_info=&#8221;{}&#8221; sticky_transition=&#8221;on&#8221;]<\/p>\n<p>dur\u00e9e : 5-6h<\/p>\n<p>Ouvert d\u00e8s 15 ans<\/p>\n<p>Proche d&#8217;Annecy<\/p>\n<p>[\/et_pb_pricing_table][et_pb_pricing_table title=&#8221;Canyon de Balme &#8221; subtitle=&#8221;Ludique&#8221; currency=&#8221;\u20ac&#8221; per=&#8221;personne&#8221; sum=&#8221;40&#8243; _builder_version=&#8221;4.16&#8243; _module_preset=&#8221;default&#8221; global_colors_info=&#8221;{}&#8221; sticky_transition=&#8221;on&#8221;]<\/p>\n<p>dur\u00e9e : 1h30-2h<\/p>\n<p>Accessible d\u00e8s 8 ans<\/p>\n<p>Aux Carroz<\/p>\n<p>[\/et_pb_pricing_table][et_pb_pricing_table title=&#8221;Canyon de Balme&#8221; subtitle=&#8221;Int\u00e9gral&#8221; currency=&#8221;\u20ac&#8221; per=&#8221;personne&#8221; sum=&#8221;55&#8243; _builder_version=&#8221;4.16&#8243; _module_preset=&#8221;default&#8221; global_colors_info=&#8221;{}&#8221; sticky_transition=&#8221;on&#8221;]<\/p>\n<p>dur\u00e9e : 3h<\/p>\n<p>Accessible d\u00e8s 8 ans<\/p>\n<p>Aux Carroz<\/p>\n<p>[\/et_pb_pricing_table][et_pb_pricing_table title=&#8221;Canyon de Meg\u00e8ve&#8221; subtitle=&#8221;%22la Belle au bois%22&#8243; currency=&#8221;\u20ac&#8221; per=&#8221;personne&#8221; sum=&#8221;60&#8243; _builder_version=&#8221;4.16&#8243; _module_preset=&#8221;default&#8221; global_colors_info=&#8221;{}&#8221; sticky_transition=&#8221;on&#8221;]<\/p>\n<p>dur\u00e9e : 4h<\/p>\n<p>Accessible d\u00e8s 8 ans<\/p>\n<p>Centre de Meg\u00e8ve<\/p>\n<p>[\/et_pb_pricing_table][\/et_pb_pricing_tables][et_pb_text _builder_version=&#8221;4.16&#8243; _module_preset=&#8221;default&#8221; global_colors_info=&#8221;{}&#8221;]<\/p>\n<p style=\"text-align: right;\"><strong>Pr\u00eat de mat\u00e9riel compris<br \/> <\/strong><\/p>\n<p>[\/et_pb_text][et_pb_button button_url=&#8221;https:\/\/bernard-guidedescarroz.fr\/index.php\/canyoning\/&#8221; button_text=&#8221;Retourner a la page Canyoning&#8221; button_alignment=&#8221;center&#8221; _builder_version=&#8221;4.16&#8243; custom_button=&#8221;on&#8221; button_text_size=&#8221;16px&#8221; button_text_color=&#8221;#ffffff&#8221; button_bg_color=&#8221;#0c71c3&#8243; button_border_width=&#8221;3px&#8221; button_border_color=&#8221;#0c71c3&#8243; button_border_radius=&#8221;30px&#8221; button_letter_spacing=&#8221;1px&#8221; button_icon=&#8221;&#x45;||divi||400&#8243; custom_margin=&#8221;||100px||false|false&#8221; custom_padding=&#8221;|35px||35px|false|false&#8221; animation_style=&#8221;flip&#8221; locked=&#8221;off&#8221; global_colors_info=&#8221;{}&#8221; button_border_color__hover_enabled=&#8221;on|desktop&#8221; button_border_color__hover=&#8221;#0c71c3&#8243;][\/et_pb_button][et_pb_text _builder_version=&#8221;4.16&#8243; text_font_size=&#8221;19px&#8221; header_2_font_size=&#8221;35px&#8221; locked=&#8221;off&#8221; global_colors_info=&#8221;{}&#8221;]<\/p>\n<h2 style=\"text-align: left;\"><strong>Via Ferrata<br \/><\/strong><\/h2>\n<p>[\/et_pb_text][et_pb_pricing_tables _builder_version=&#8221;4.7.4&#8243; _module_preset=&#8221;default&#8221; header_text_color=&#8221;#ffffff&#8221; header_font=&#8221;||||||||&#8221; price_font_size=&#8221;45px&#8221; background_color=&#8221;rgba(0,0,0,0)&#8221; animation_style=&#8221;fold&#8221; link_option_url_new_window=&#8221;on&#8221; global_module=&#8221;236&#8243; saved_tabs=&#8221;all&#8221; global_colors_info=&#8221;{}&#8221;][et_pb_pricing_table title=&#8221;Le Mont &#8221; subtitle=&#8221;Difficult\u00e9 : moyenne&#8221; currency=&#8221;\u20ac&#8221; per=&#8221;personne&#8221; sum=&#8221;45&#8243; button_url=&#8221;https:\/\/www.viaferrata-fr.net\/via-ferrata-71-La-via-ferrata-du-Mont-Sixt-Fer-%E0-Cheval-Haute-Savoie.html&#8221; url_new_window=&#8221;on&#8221; button_text=&#8221;D\u00e9couvrir la Via Ferrata&#8221; _builder_version=&#8221;4.16&#8243; _module_preset=&#8221;default&#8221; custom_button=&#8221;on&#8221; button_text_color=&#8221;#ffffff&#8221; button_bg_color=&#8221;#0c71c3&#8243; global_colors_info=&#8221;{}&#8221; sticky_transition=&#8221;on&#8221;]<\/p>\n<p>Dur\u00e9e : 3h<\/p>\n<p>Accessible d\u00e8s 1m40<\/p>\n<p>Proche de Sixt<\/p>\n<p>Marche d&#8217;approche : 20 mins<\/p>\n<p>Retour : 20 mins<\/p>\n<p>[\/et_pb_pricing_table][et_pb_pricing_table title=&#8221;Curalla&#8221; subtitle=&#8221;Difficult\u00e9 : moyenne&#8221; currency=&#8221;\u20ac&#8221; per=&#8221;personne&#8221; sum=&#8221;55&#8243; button_url=&#8221;https:\/\/www.viaferrata-fr.net\/via-ferrata-140-Curalla-Passy-Haute-Savoie.html&#8221; url_new_window=&#8221;on&#8221; button_text=&#8221;D\u00e9couvrir la Via Ferrata&#8221; _builder_version=&#8221;4.16&#8243; _module_preset=&#8221;default&#8221; custom_button=&#8221;on&#8221; button_text_color=&#8221;#ffffff&#8221; button_bg_color=&#8221;#0c71c3&#8243; global_colors_info=&#8221;{}&#8221; sticky_transition=&#8221;on&#8221;]<\/p>\n<p>Dur\u00e9e : 2h<\/p>\n<p>Accessible d\u00e8s 1m40<\/p>\n<p>Plateau d&#8217;Assy<\/p>\n<p>Marche d&#8217;approche : 20 mins<\/p>\n<p>Retour : 40 mins<\/p>\n<p>[\/et_pb_pricing_table][et_pb_pricing_table title=&#8221;Sur demande&#8221; subtitle=&#8221;Difficult\u00e9 : toutes&#8221; currency=&#8221;\u20ac&#8221; per=&#8221;personne&#8221; sum=&#8221;45-60&#8243; button_url=&#8221;https:\/\/www.viaferrata-fr.net\/via-ferrata-departement-74.html&#8221; url_new_window=&#8221;on&#8221; button_text=&#8221;Choisir ma Via Ferrata&#8221; _builder_version=&#8221;4.16&#8243; _module_preset=&#8221;default&#8221; custom_button=&#8221;on&#8221; button_text_color=&#8221;#ffffff&#8221; button_bg_color=&#8221;#0c71c3&#8243; link_option_url_new_window=&#8221;on&#8221; global_colors_info=&#8221;{}&#8221; sticky_transition=&#8221;on&#8221;]<\/p>\n<p>Disponibilit\u00e9 sur toutes la Haute Savoie<\/p>\n<p>Tarif \u00e0 fixer en fonction de la Via Ferrata<\/p>\n<p>Possibilit\u00e9 d&#8217;emmener des groupes<\/p>\n<p>Encadrement \u00e0 plusieurs guides envisageable<\/p>\n<p>Premier contact par t\u00e9l\u00e9phone<\/p>\n<p>[\/et_pb_pricing_table][\/et_pb_pricing_tables][et_pb_text _builder_version=&#8221;4.16&#8243; _module_preset=&#8221;default&#8221; global_colors_info=&#8221;{}&#8221;]<\/p>\n<p style=\"text-align: right;\"><strong>Pr\u00eat de mat\u00e9riel compris<br \/> <\/strong><\/p>\n<p>[\/et_pb_text][et_pb_button button_url=&#8221;https:\/\/bernard-guidedescarroz.fr\/index.php\/via-ferrata\/&#8221; button_text=&#8221;Retourner \u00e0 la page Via Ferrata&#8221; button_alignment=&#8221;center&#8221; _builder_version=&#8221;4.16&#8243; custom_button=&#8221;on&#8221; button_text_size=&#8221;16px&#8221; button_text_color=&#8221;#ffffff&#8221; button_bg_color=&#8221;#0c71c3&#8243; button_border_width=&#8221;3px&#8221; button_border_color=&#8221;#0c71c3&#8243; button_border_radius=&#8221;30px&#8221; button_letter_spacing=&#8221;1px&#8221; button_icon=&#8221;&#x45;||divi||400&#8243; custom_margin=&#8221;||100px||false|false&#8221; custom_padding=&#8221;|35px||35px|false|false&#8221; animation_style=&#8221;flip&#8221; locked=&#8221;off&#8221; global_colors_info=&#8221;{}&#8221; button_border_color__hover_enabled=&#8221;on|desktop&#8221; button_border_color__hover=&#8221;#0c71c3&#8243;][\/et_pb_button][et_pb_text _builder_version=&#8221;4.16&#8243; text_font_size=&#8221;19px&#8221; header_2_font_size=&#8221;35px&#8221; locked=&#8221;off&#8221; global_colors_info=&#8221;{}&#8221;]<\/p>\n<h2 style=\"text-align: left;\"><strong>Escalade<br \/><\/strong><\/h2>\n<p>[\/et_pb_text][et_pb_pricing_tables _builder_version=&#8221;4.7.4&#8243; _module_preset=&#8221;default&#8221; header_text_color=&#8221;#ffffff&#8221; header_font=&#8221;||||||||&#8221; price_font_size=&#8221;45px&#8221; background_color=&#8221;rgba(0,0,0,0)&#8221; animation_style=&#8221;fold&#8221; global_module=&#8221;245&#8243; saved_tabs=&#8221;all&#8221; global_colors_info=&#8221;{}&#8221;][et_pb_pricing_table title=&#8221;Escalade Adulte&#8221; subtitle=&#8221;3h&#8221; currency=&#8221;\u20ac&#8221; per=&#8221;personne&#8221; sum=&#8221;45&#8243; _builder_version=&#8221;4.16&#8243; _module_preset=&#8221;default&#8221; global_colors_info=&#8221;{}&#8221; sticky_transition=&#8221;on&#8221;]<\/p>\n<p>Lieux : La Frasse, Haute Savoie et Massif du Mont Blanc<\/p>\n<p>ouvert \u00e0 tous<\/p>\n<p>[\/et_pb_pricing_table][et_pb_pricing_table title=&#8221;Escalade Enfant&#8221; subtitle=&#8221;3h&#8221; currency=&#8221;\u20ac&#8221; per=&#8221;personne&#8221; sum=&#8221;40&#8243; _builder_version=&#8221;4.16&#8243; _module_preset=&#8221;default&#8221; global_colors_info=&#8221;{}&#8221; sticky_transition=&#8221;on&#8221;]<\/p>\n<p>Lieux : La Frasse, Haute Savoie et Massif du Mont Blanc<\/p>\n<p>ouvert d\u00e8s 8 ans<\/p>\n<p>[\/et_pb_pricing_table][et_pb_pricing_table title=&#8221;Escalade&#8221; subtitle=&#8221;Journ\u00e9e 8h&#8221; currency=&#8221;\u20ac&#8221; sum=&#8221;350&#8243; _builder_version=&#8221;4.16&#8243; _module_preset=&#8221;default&#8221; global_colors_info=&#8221;{}&#8221; sticky_transition=&#8221;on&#8221;]<\/p>\n<p>Lieux : La Frasse, Haute Savoie et Massif du Mont Blanc<\/p>\n<p>Cours adapt\u00e9s au niveau<\/p>\n<p>[\/et_pb_pricing_table][et_pb_pricing_table title=&#8221;Alpinisme&#8221; subtitle=&#8221;Journ\u00e9e 8h&#8221; currency=&#8221;\u20ac&#8221; sum=&#8221;350&#8243; _builder_version=&#8221;4.16&#8243; _module_preset=&#8221;default&#8221; global_colors_info=&#8221;{}&#8221; sticky_transition=&#8221;on&#8221;]<\/p>\n<p>Lieux : La Frasse, Haute Savoie et Massif du Mont Blanc<\/p>\n<p>Cours adapt\u00e9s au niveau<\/p>\n<p>[\/et_pb_pricing_table][\/et_pb_pricing_tables][et_pb_text _builder_version=&#8221;4.16&#8243; _module_preset=&#8221;default&#8221; global_colors_info=&#8221;{}&#8221;]<\/p>\n<p style=\"text-align: right;\"><strong>Pr\u00eat de mat\u00e9riel compris<br \/> <\/strong><\/p>\n<p>[\/et_pb_text][et_pb_button button_url=&#8221;https:\/\/bernard-guidedescarroz.fr\/index.php\/escalade\/&#8221; button_text=&#8221;Retourner \u00e0 la page Escalade&#8221; button_alignment=&#8221;center&#8221; _builder_version=&#8221;4.16&#8243; custom_button=&#8221;on&#8221; button_text_size=&#8221;16px&#8221; button_text_color=&#8221;#ffffff&#8221; button_bg_color=&#8221;#0c71c3&#8243; button_border_width=&#8221;3px&#8221; button_border_color=&#8221;#0c71c3&#8243; button_border_radius=&#8221;30px&#8221; button_letter_spacing=&#8221;1px&#8221; button_icon=&#8221;&#x45;||divi||400&#8243; custom_margin=&#8221;||100px||false|false&#8221; custom_padding=&#8221;|35px||35px|false|false&#8221; animation_style=&#8221;flip&#8221; locked=&#8221;off&#8221; global_colors_info=&#8221;{}&#8221; button_border_color__hover_enabled=&#8221;on|desktop&#8221; button_border_color__hover=&#8221;#0c71c3&#8243;][\/et_pb_button][et_pb_text _builder_version=&#8221;4.16&#8243; _module_preset=&#8221;default&#8221; global_colors_info=&#8221;{}&#8221;]<\/p>\n<p><strong>N&#8217;h\u00e9sitez pas \u00e0 me contacter pour me pr\u00e9senter vos projets par t\u00e9l\u00e9phone ou par mail<br \/> <\/strong><\/p>\n<p>[\/et_pb_text][et_pb_button button_text=&#8221;Me contacter&#8221; button_alignment=&#8221;left&#8221; _builder_version=&#8221;4.16&#8243; custom_button=&#8221;on&#8221; button_text_size=&#8221;16px&#8221; button_text_color=&#8221;#FFFFFF&#8221; button_bg_color=&#8221;#0C71C3&#8243; button_border_width=&#8221;3px&#8221; button_border_color=&#8221;rgba(0,0,0,0)&#8221; button_border_radius=&#8221;30px&#8221; button_letter_spacing=&#8221;1px&#8221; button_icon=&#8221;&#x45;||divi||400&#8243; background_layout=&#8221;dark&#8221; custom_padding=&#8221;|35px||35px|false|false&#8221; animation_style=&#8221;flip&#8221; locked=&#8221;off&#8221; global_colors_info=&#8221;{}&#8221; button_border_color__hover_enabled=&#8221;on|desktop&#8221; button_border_color__hover=&#8221;rgba(0,0,0,0)&#8221;][\/et_pb_button][et_pb_button button_url=&#8221;https:\/\/bernard-guidedescarroz.fr\/&#8221; button_text=&#8221;Retour page d&#8217;accueil&#8221; button_alignment=&#8221;left&#8221; _builder_version=&#8221;4.13.0&#8243; custom_button=&#8221;on&#8221; button_text_size=&#8221;22px&#8221; button_text_color=&#8221;#FFFFFF&#8221; button_bg_color=&#8221;#0C71C3&#8243; button_border_width=&#8221;3px&#8221; button_border_color=&#8221;rgba(0,0,0,0)&#8221; button_border_radius=&#8221;30px&#8221; button_letter_spacing=&#8221;1px&#8221; button_icon=&#8221;&#x45;||divi||400&#8243; background_layout=&#8221;dark&#8221; custom_margin=&#8221;100px||||false|false&#8221; custom_padding=&#8221;|35px||35px|false|false&#8221; animation_style=&#8221;flip&#8221; global_module=&#8221;423&#8243; global_colors_info=&#8221;{}&#8221; button_border_color__hover_enabled=&#8221;on|desktop&#8221; button_border_color__hover=&#8221;rgba(0,0,0,0)&#8221;][\/et_pb_button][\/et_pb_column][\/et_pb_row][\/et_pb_section][et_pb_section fb_built=&#8221;1&#8243; _builder_version=&#8221;4.4.5&#8243; background_color=&#8221;#212121&#8243; min_height=&#8221;387px&#8221; custom_padding=&#8221;||0px|||&#8221; global_module=&#8221;165&#8243; saved_tabs=&#8221;all&#8221; global_colors_info=&#8221;{}&#8221;][et_pb_row column_structure=&#8221;1_3,1_3,1_3&#8243; _builder_version=&#8221;4.16&#8243; custom_margin=&#8221;||1px||false|false&#8221; custom_padding=&#8221;||1px||false|false&#8221; link_option_url=&#8221;https:\/\/bernard-guidedescarroz.fr\/index.php\/contact\/&#8221; global_colors_info=&#8221;{}&#8221;][et_pb_column type=&#8221;1_3&#8243; _builder_version=&#8221;4.16&#8243; global_colors_info=&#8221;{}&#8221;][et_pb_text _builder_version=&#8221;4.16&#8243; text_text_color=&#8221;#FFFFFF&#8221; header_2_text_color=&#8221;#FFFFFF&#8221; custom_margin=&#8221;||2px||false|false&#8221; custom_padding=&#8221;||0px||false|false&#8221; global_colors_info=&#8221;{}&#8221;]<\/p>\n<h2><strong>Contact<\/strong><\/h2>\n<p>[\/et_pb_text][et_pb_divider color=&#8221;#0C71C3&#8243; divider_weight=&#8221;4px&#8221; _builder_version=&#8221;4.16&#8243; width=&#8221;15%&#8221; max_width=&#8221;15%&#8221; module_alignment=&#8221;left&#8221; global_colors_info=&#8221;{}&#8221;][\/et_pb_divider][et_pb_text _builder_version=&#8221;4.16&#8243; text_text_color=&#8221;#FFFFFF&#8221; custom_margin=&#8221;||10px||false|false&#8221; link_option_url=&#8221;https:\/\/bernard-guidedescarroz.fr\/index.php\/contact\/&#8221; global_colors_info=&#8221;{}&#8221;]<\/p>\n<p>Mon email : b.morati@orange.fr<\/p>\n<p>[\/et_pb_text][et_pb_text _builder_version=&#8221;4.16&#8243; text_text_color=&#8221;#FFFFFF&#8221; link_option_url=&#8221;https:\/\/bernard-guidedescarroz.fr\/index.php\/contact\/&#8221; global_colors_info=&#8221;{}&#8221;]<\/p>\n<p>Mon num\u00e9ro de t\u00e9l\u00e9phone : +(33)6 87 34 69 85<\/p>\n<p>[\/et_pb_text][\/et_pb_column][et_pb_column type=&#8221;1_3&#8243; _builder_version=&#8221;4.16&#8243; global_colors_info=&#8221;{}&#8221;][\/et_pb_column][et_pb_column type=&#8221;1_3&#8243; _builder_version=&#8221;4.16&#8243; global_colors_info=&#8221;{}&#8221;][\/et_pb_column][\/et_pb_row][et_pb_row column_structure=&#8221;1_2,1_2&#8243; _builder_version=&#8221;4.16&#8243; _module_preset=&#8221;default&#8221; custom_padding=&#8221;||0px|||&#8221; global_colors_info=&#8221;{}&#8221;][et_pb_column type=&#8221;1_2&#8243; _builder_version=&#8221;4.16&#8243; _module_preset=&#8221;default&#8221; global_colors_info=&#8221;{}&#8221;][et_pb_text _builder_version=&#8221;4.16&#8243; _module_preset=&#8221;default&#8221; text_orientation=&#8221;center&#8221; module_alignment=&#8221;right&#8221; custom_margin=&#8221;||1px||false|false&#8221; custom_padding=&#8221;||1px||false|false&#8221; link_option_url=&#8221;https:\/\/bernard-guidedescarroz.fr\/index.php\/politique-de-confidentialite&#8221; global_colors_info=&#8221;{}&#8221;]<\/p>\n<p>Politique de Confidentialit\u00e9<\/p>\n<p>[\/et_pb_text][\/et_pb_column][et_pb_column type=&#8221;1_2&#8243; _builder_version=&#8221;4.16&#8243; _module_preset=&#8221;default&#8221; global_colors_info=&#8221;{}&#8221;][et_pb_text _builder_version=&#8221;4.16&#8243; _module_preset=&#8221;default&#8221; text_orientation=&#8221;center&#8221; module_alignment=&#8221;center&#8221; custom_margin=&#8221;||20px||false|false&#8221; custom_padding=&#8221;||1px||false|false&#8221; link_option_url=&#8221;https:\/\/bernard-guidedescarroz.fr\/index.php\/mentions-legales&#8221; global_colors_info=&#8221;{}&#8221;]<\/p>\n<p>Mentions L\u00e9gales<\/p>\n<p>[\/et_pb_text][\/et_pb_column][\/et_pb_row][\/et_pb_section]<\/p>\n","protected":false},"excerpt":{"rendered":"<p>TarifsCanyondur\u00e9e : 5-6h Ouvert d\u00e8s 15 ans Proche d&#8217;Annecydur\u00e9e : 1h30-2h Accessible d\u00e8s 8 ans Aux Carrozdur\u00e9e : 3h Accessible d\u00e8s 8 ans Aux Carrozdur\u00e9e : 4h Accessible d\u00e8s 8 ans Centre de Meg\u00e8vePr\u00eat de mat\u00e9riel compris Via FerrataDur\u00e9e : 3h Accessible d\u00e8s 1m40 Proche de Sixt Marche d&#8217;approche : 20 mins Retour : 20 [&hellip;]<\/p>\n","protected":false},"author":1,"featured_media":0,"parent":0,"menu_order":0,"comment_status":"closed","ping_status":"closed","template":"","meta":{"_et_pb_use_builder":"on","_et_pb_old_content":"","_et_gb_content_width":"","_monsterinsights_skip_tracking":false,"_monsterinsights_sitenote_active":false,"_monsterinsights_sitenote_note":"","_monsterinsights_sitenote_category":0,"footnotes":""},"yoast_head":"<!-- This site is optimized with the Yoast SEO plugin v23.5 - https:\/\/yoast.com\/wordpress\/plugins\/seo\/ -->\n<title>Tarifs - Bernard guide des Carroz, haute montagne<\/title>\n<meta name=\"robots\" content=\"index, follow, max-snippet:-1, max-image-preview:large, max-video-preview:-1\" \/>\n<link rel=\"canonical\" href=\"https:\/\/bernard-guidedescarroz.fr\/index.php\/tarifs\/\" \/>\n<meta property=\"og:locale\" content=\"en_US\" \/>\n<meta property=\"og:type\" content=\"article\" \/>\n<meta property=\"og:title\" content=\"Tarifs - Bernard guide des Carroz, haute montagne\" \/>\n<meta property=\"og:description\" content=\"Politique de confidentialit\u00e9 Qui sommes-nous ? L\u2019adresse de notre site Web est : https:\/\/bernard-guidedescarroz.fr. Utilisation des donn\u00e9es personnelles collect\u00e9es Commentaires Quand vous laissez un commentaire sur notre site web, les donn\u00e9es inscrites dans le formulaire de commentaire, mais aussi votre adresse IP et l\u2019agent utilisateur de votre navigateur sont collect\u00e9s pour nous aider \u00e0 la [&hellip;]\" \/>\n<meta property=\"og:url\" content=\"https:\/\/bernard-guidedescarroz.fr\/index.php\/tarifs\/\" \/>\n<meta property=\"og:site_name\" content=\"Bernard guide des Carroz, haute montagne\" \/>\n<meta property=\"article:modified_time\" content=\"2023-06-13T15:26:58+00:00\" \/>\n<meta name=\"twitter:card\" content=\"summary_large_image\" \/>\n<meta name=\"twitter:label1\" content=\"Est. reading time\" \/>\n\t<meta name=\"twitter:data1\" content=\"9 minutes\" \/>\n<script type=\"application\/ld+json\" class=\"yoast-schema-graph\">{\"@context\":\"https:\/\/schema.org\",\"@graph\":[{\"@type\":\"WebPage\",\"@id\":\"https:\/\/bernard-guidedescarroz.fr\/index.php\/tarifs\/\",\"url\":\"https:\/\/bernard-guidedescarroz.fr\/index.php\/tarifs\/\",\"name\":\"Tarifs - Bernard guide des Carroz, haute montagne\",\"isPartOf\":{\"@id\":\"https:\/\/bernard-guidedescarroz.fr\/#website\"},\"datePublished\":\"2020-11-19T19:24:23+00:00\",\"dateModified\":\"2023-06-13T15:26:58+00:00\",\"breadcrumb\":{\"@id\":\"https:\/\/bernard-guidedescarroz.fr\/index.php\/tarifs\/#breadcrumb\"},\"inLanguage\":\"en-US\",\"potentialAction\":[{\"@type\":\"ReadAction\",\"target\":[\"https:\/\/bernard-guidedescarroz.fr\/index.php\/tarifs\/\"]}]},{\"@type\":\"BreadcrumbList\",\"@id\":\"https:\/\/bernard-guidedescarroz.fr\/index.php\/tarifs\/#breadcrumb\",\"itemListElement\":[{\"@type\":\"ListItem\",\"position\":1,\"name\":\"Accueil\",\"item\":\"https:\/\/bernard-guidedescarroz.fr\/\"},{\"@type\":\"ListItem\",\"position\":2,\"name\":\"Tarifs\"}]},{\"@type\":\"WebSite\",\"@id\":\"https:\/\/bernard-guidedescarroz.fr\/#website\",\"url\":\"https:\/\/bernard-guidedescarroz.fr\/\",\"name\":\"Bernard guide des Carroz, haute montagne\",\"description\":\"Venez d\u00e9couvrir les activit\u00e9es que je vous propose : sorties en montagne, Canyoning, Escalade, Via Ferrata. Venez d\u00e9couvrir mes activit\u00e9es en plein air.\",\"potentialAction\":[{\"@type\":\"SearchAction\",\"target\":{\"@type\":\"EntryPoint\",\"urlTemplate\":\"https:\/\/bernard-guidedescarroz.fr\/?s={search_term_string}\"},\"query-input\":{\"@type\":\"PropertyValueSpecification\",\"valueRequired\":true,\"valueName\":\"search_term_string\"}}],\"inLanguage\":\"en-US\"}]}<\/script>\n<!-- \/ Yoast SEO plugin. -->","yoast_head_json":{"title":"Tarifs - Bernard guide des Carroz, haute montagne","robots":{"index":"index","follow":"follow","max-snippet":"max-snippet:-1","max-image-preview":"max-image-preview:large","max-video-preview":"max-video-preview:-1"},"canonical":"https:\/\/bernard-guidedescarroz.fr\/index.php\/tarifs\/","og_locale":"en_US","og_type":"article","og_title":"Tarifs - Bernard guide des Carroz, haute montagne","og_description":"Politique de confidentialit\u00e9 Qui sommes-nous ? L\u2019adresse de notre site Web est : https:\/\/bernard-guidedescarroz.fr. Utilisation des donn\u00e9es personnelles collect\u00e9es Commentaires Quand vous laissez un commentaire sur notre site web, les donn\u00e9es inscrites dans le formulaire de commentaire, mais aussi votre adresse IP et l\u2019agent utilisateur de votre navigateur sont collect\u00e9s pour nous aider \u00e0 la [&hellip;]","og_url":"https:\/\/bernard-guidedescarroz.fr\/index.php\/tarifs\/","og_site_name":"Bernard guide des Carroz, haute montagne","article_modified_time":"2023-06-13T15:26:58+00:00","twitter_card":"summary_large_image","twitter_misc":{"Est. reading time":"9 minutes"},"schema":{"@context":"https:\/\/schema.org","@graph":[{"@type":"WebPage","@id":"https:\/\/bernard-guidedescarroz.fr\/index.php\/tarifs\/","url":"https:\/\/bernard-guidedescarroz.fr\/index.php\/tarifs\/","name":"Tarifs - Bernard guide des Carroz, haute montagne","isPartOf":{"@id":"https:\/\/bernard-guidedescarroz.fr\/#website"},"datePublished":"2020-11-19T19:24:23+00:00","dateModified":"2023-06-13T15:26:58+00:00","breadcrumb":{"@id":"https:\/\/bernard-guidedescarroz.fr\/index.php\/tarifs\/#breadcrumb"},"inLanguage":"en-US","potentialAction":[{"@type":"ReadAction","target":["https:\/\/bernard-guidedescarroz.fr\/index.php\/tarifs\/"]}]},{"@type":"BreadcrumbList","@id":"https:\/\/bernard-guidedescarroz.fr\/index.php\/tarifs\/#breadcrumb","itemListElement":[{"@type":"ListItem","position":1,"name":"Accueil","item":"https:\/\/bernard-guidedescarroz.fr\/"},{"@type":"ListItem","position":2,"name":"Tarifs"}]},{"@type":"WebSite","@id":"https:\/\/bernard-guidedescarroz.fr\/#website","url":"https:\/\/bernard-guidedescarroz.fr\/","name":"Bernard guide des Carroz, haute montagne","description":"Venez d\u00e9couvrir les activit\u00e9es que je vous propose : sorties en montagne, Canyoning, Escalade, Via Ferrata. Venez d\u00e9couvrir mes activit\u00e9es en plein air.","potentialAction":[{"@type":"SearchAction","target":{"@type":"EntryPoint","urlTemplate":"https:\/\/bernard-guidedescarroz.fr\/?s={search_term_string}"},"query-input":{"@type":"PropertyValueSpecification","valueRequired":true,"valueName":"search_term_string"}}],"inLanguage":"en-US"}]}},"_links":{"self":[{"href":"https:\/\/bernard-guidedescarroz.fr\/index.php\/wp-json\/wp\/v2\/pages\/206"}],"collection":[{"href":"https:\/\/bernard-guidedescarroz.fr\/index.php\/wp-json\/wp\/v2\/pages"}],"about":[{"href":"https:\/\/bernard-guidedescarroz.fr\/index.php\/wp-json\/wp\/v2\/types\/page"}],"author":[{"embeddable":true,"href":"https:\/\/bernard-guidedescarroz.fr\/index.php\/wp-json\/wp\/v2\/users\/1"}],"replies":[{"embeddable":true,"href":"https:\/\/bernard-guidedescarroz.fr\/index.php\/wp-json\/wp\/v2\/comments?post=206"}],"version-history":[{"count":21,"href":"https:\/\/bernard-guidedescarroz.fr\/index.php\/wp-json\/wp\/v2\/pages\/206\/revisions"}],"predecessor-version":[{"id":560,"href":"https:\/\/bernard-guidedescarroz.fr\/index.php\/wp-json\/wp\/v2\/pages\/206\/revisions\/560"}],"wp:attachment":[{"href":"https:\/\/bernard-guidedescarroz.fr\/index.php\/wp-json\/wp\/v2\/media?parent=206"}],"curies":[{"name":"wp","href":"https:\/\/api.w.org\/{rel}","templated":true}]}}